{"id":194,"date":"2021-08-18T16:00:07","date_gmt":"2021-08-18T14:00:07","guid":{"rendered":"https:\/\/wertkarte24.de\/wordpress\/?post_type=product&#038;p=194"},"modified":"2021-10-27T14:20:34","modified_gmt":"2021-10-27T12:20:34","slug":"verzehrkarte-30e-gruen","status":"publish","type":"product","link":"https:\/\/wertkarte24.de\/index.php\/product\/verzehrkarte-30e-gruen\/","title":{"rendered":"Verzehrkarte 30\u20ac Gr\u00fcn"},"content":{"rendered":"<p>In der oberen rechten Ecke k\u00f6nnen wir Ihr Logo einbauen.\u00a0 (Upload im Kassenbereich)<\/p>\n<p>Sponsoren oder zus\u00e4tzliche Informationen? W\u00e4hlen Sie &#8222;2-Seiter&#8220; und laden Sie im Kassenbereich Ihre R\u00fcckseite hoch.<\/p>\n<p>&nbsp;<\/p>\n<p>Neu: 48H Express mit Eilzustellung zzgl. 16,95\u20ac inkl. MwSt<\/p>\n<p>(Bitte achten Sie auf einen fristgerechten Zahlungs- sowie Druckdateneingang bis 10:00 Uhr, damit wir den angestrebten Liefertermin einhalten k\u00f6nnen).<\/p>\n","protected":false},"excerpt":{"rendered":"<p>Verzehrkarte mit Ihrem Logo.<br \/>\nKarten 30\u20ac zum Stempeln, Lochen oder Streichen.<\/p>\n<p>inkl. MwSt., versandkostenfrei innerhalb Deutschland.<\/p>\n<p>Lieferzeit: 4 &#8211; 6 Tage<\/p>\n","protected":false},"featured_media":290,"template":"","meta":[],"product_brand":[],"product_cat":[15],"product_tag":[],"class_list":{"0":"post-194","1":"product","2":"type-product","3":"status-publish","6":"product_cat-wertkarten","8":"first","9":"instock","10":"taxable","11":"shipping-taxable","12":"purchasable","13":"product-type-variable","14":"has-default-attributes"},"yoast_head":"<!-- This site is optimized with the Yoast SEO plugin v27.4 - https:\/\/yoast.com\/product\/yoast-seo-wordpress\/ -->\n<title>Verzehrkarte 30\u20ac Gr\u00fcn - Wertkarten<\/title>\n<meta name=\"robots\" content=\"index, follow, max-snippet:-1, max-image-preview:large, max-video-preview:-1\" \/>\n<link rel=\"canonical\" href=\"https:\/\/wertkarte24.de\/index.php\/product\/verzehrkarte-30e-gruen\/\" \/>\n<meta property=\"og:locale\" content=\"de_DE\" \/>\n<meta property=\"og:type\" content=\"article\" \/>\n<meta property=\"og:title\" content=\"Verzehrkarte 30\u20ac Gr\u00fcn - Wertkarten\" \/>\n<meta property=\"og:description\" content=\"Verzehrkarte mit Ihrem Logo. Karten 30\u20ac zum Stempeln, Lochen oder Streichen.  inkl. MwSt., versandkostenfrei innerhalb Deutschland.  Lieferzeit: 4 - 6 Tage\" \/>\n<meta property=\"og:url\" content=\"https:\/\/wertkarte24.de\/index.php\/product\/verzehrkarte-30e-gruen\/\" \/>\n<meta property=\"og:site_name\" content=\"Wertkarten\" \/>\n<meta property=\"article:modified_time\" content=\"2021-10-27T12:20:34+00:00\" \/>\n<meta property=\"og:image\" content=\"https:\/\/i2.wp.com\/wertkarte24.de\/wp-content\/uploads\/2021\/08\/Verzgruen30E-1.jpg?fit=1075%2C720&ssl=1\" \/>\n\t<meta property=\"og:image:width\" content=\"1075\" \/>\n\t<meta property=\"og:image:height\" content=\"720\" \/>\n\t<meta property=\"og:image:type\" content=\"image\/jpeg\" \/>\n<meta name=\"twitter:card\" content=\"summary_large_image\" \/>\n<meta name=\"twitter:label1\" content=\"Gesch\u00e4tzte Lesezeit\" \/>\n\t<meta name=\"twitter:data1\" content=\"1\u00a0Minute\" \/>\n<script type=\"application\/ld+json\" class=\"yoast-schema-graph\">{\"@context\":\"https:\\\/\\\/schema.org\",\"@graph\":[{\"@type\":\"WebPage\",\"@id\":\"https:\\\/\\\/wertkarte24.de\\\/index.php\\\/product\\\/verzehrkarte-30e-gruen\\\/\",\"url\":\"https:\\\/\\\/wertkarte24.de\\\/index.php\\\/product\\\/verzehrkarte-30e-gruen\\\/\",\"name\":\"Verzehrkarte 30\u20ac Gr\u00fcn - Wertkarten\",\"isPartOf\":{\"@id\":\"https:\\\/\\\/wertkarte24.de\\\/#website\"},\"primaryImageOfPage\":{\"@id\":\"https:\\\/\\\/wertkarte24.de\\\/index.php\\\/product\\\/verzehrkarte-30e-gruen\\\/#primaryimage\"},\"image\":{\"@id\":\"https:\\\/\\\/wertkarte24.de\\\/index.php\\\/product\\\/verzehrkarte-30e-gruen\\\/#primaryimage\"},\"thumbnailUrl\":\"https:\\\/\\\/i0.wp.com\\\/wertkarte24.de\\\/wp-content\\\/uploads\\\/2021\\\/08\\\/Verzgruen30E-1.jpg?fit=1075%2C720&ssl=1\",\"datePublished\":\"2021-08-18T14:00:07+00:00\",\"dateModified\":\"2021-10-27T12:20:34+00:00\",\"breadcrumb\":{\"@id\":\"https:\\\/\\\/wertkarte24.de\\\/index.php\\\/product\\\/verzehrkarte-30e-gruen\\\/#breadcrumb\"},\"inLanguage\":\"de\",\"potentialAction\":[{\"@type\":\"ReadAction\",\"target\":[\"https:\\\/\\\/wertkarte24.de\\\/index.php\\\/product\\\/verzehrkarte-30e-gruen\\\/\"]}]},{\"@type\":\"ImageObject\",\"inLanguage\":\"de\",\"@id\":\"https:\\\/\\\/wertkarte24.de\\\/index.php\\\/product\\\/verzehrkarte-30e-gruen\\\/#primaryimage\",\"url\":\"https:\\\/\\\/i0.wp.com\\\/wertkarte24.de\\\/wp-content\\\/uploads\\\/2021\\\/08\\\/Verzgruen30E-1.jpg?fit=1075%2C720&ssl=1\",\"contentUrl\":\"https:\\\/\\\/i0.wp.com\\\/wertkarte24.de\\\/wp-content\\\/uploads\\\/2021\\\/08\\\/Verzgruen30E-1.jpg?fit=1075%2C720&ssl=1\",\"width\":1075,\"height\":720},{\"@type\":\"BreadcrumbList\",\"@id\":\"https:\\\/\\\/wertkarte24.de\\\/index.php\\\/product\\\/verzehrkarte-30e-gruen\\\/#breadcrumb\",\"itemListElement\":[{\"@type\":\"ListItem\",\"position\":1,\"name\":\"Startseite\",\"item\":\"https:\\\/\\\/wertkarte24.de\\\/\"},{\"@type\":\"ListItem\",\"position\":2,\"name\":\"Shop\",\"item\":\"https:\\\/\\\/wertkarte24.de\\\/index.php\\\/shop\\\/\"},{\"@type\":\"ListItem\",\"position\":3,\"name\":\"Verzehrkarte 30\u20ac Gr\u00fcn\"}]},{\"@type\":\"WebSite\",\"@id\":\"https:\\\/\\\/wertkarte24.de\\\/#website\",\"url\":\"https:\\\/\\\/wertkarte24.de\\\/\",\"name\":\"Wertkarte24\",\"description\":\"Wertkarten und Verzehrkarten\",\"publisher\":{\"@id\":\"https:\\\/\\\/wertkarte24.de\\\/#organization\"},\"potentialAction\":[{\"@type\":\"SearchAction\",\"target\":{\"@type\":\"EntryPoint\",\"urlTemplate\":\"https:\\\/\\\/wertkarte24.de\\\/?s={search_term_string}\"},\"query-input\":{\"@type\":\"PropertyValueSpecification\",\"valueRequired\":true,\"valueName\":\"search_term_string\"}}],\"inLanguage\":\"de\"},{\"@type\":\"Organization\",\"@id\":\"https:\\\/\\\/wertkarte24.de\\\/#organization\",\"name\":\"Wertkarte24\",\"url\":\"https:\\\/\\\/wertkarte24.de\\\/\",\"logo\":{\"@type\":\"ImageObject\",\"inLanguage\":\"de\",\"@id\":\"https:\\\/\\\/wertkarte24.de\\\/#\\\/schema\\\/logo\\\/image\\\/\",\"url\":\"https:\\\/\\\/wertkarte24.de\\\/wp-content\\\/uploads\\\/2021\\\/08\\\/cropped-logo.png\",\"contentUrl\":\"https:\\\/\\\/wertkarte24.de\\\/wp-content\\\/uploads\\\/2021\\\/08\\\/cropped-logo.png\",\"width\":1467,\"height\":154,\"caption\":\"Wertkarte24\"},\"image\":{\"@id\":\"https:\\\/\\\/wertkarte24.de\\\/#\\\/schema\\\/logo\\\/image\\\/\"}}]}<\/script>\n<!-- \/ Yoast SEO plugin. -->","yoast_head_json":{"title":"Verzehrkarte 30\u20ac Gr\u00fcn - Wertkarten","robots":{"index":"index","follow":"follow","max-snippet":"max-snippet:-1","max-image-preview":"max-image-preview:large","max-video-preview":"max-video-preview:-1"},"canonical":"https:\/\/wertkarte24.de\/index.php\/product\/verzehrkarte-30e-gruen\/","og_locale":"de_DE","og_type":"article","og_title":"Verzehrkarte 30\u20ac Gr\u00fcn - Wertkarten","og_description":"Verzehrkarte mit Ihrem Logo. Karten 30\u20ac zum Stempeln, Lochen oder Streichen.  inkl. MwSt., versandkostenfrei innerhalb Deutschland.  Lieferzeit: 4 - 6 Tage","og_url":"https:\/\/wertkarte24.de\/index.php\/product\/verzehrkarte-30e-gruen\/","og_site_name":"Wertkarten","article_modified_time":"2021-10-27T12:20:34+00:00","og_image":[{"width":1075,"height":720,"url":"https:\/\/i2.wp.com\/wertkarte24.de\/wp-content\/uploads\/2021\/08\/Verzgruen30E-1.jpg?fit=1075%2C720&ssl=1","type":"image\/jpeg"}],"twitter_card":"summary_large_image","twitter_misc":{"Gesch\u00e4tzte Lesezeit":"1\u00a0Minute"},"schema":{"@context":"https:\/\/schema.org","@graph":[{"@type":"WebPage","@id":"https:\/\/wertkarte24.de\/index.php\/product\/verzehrkarte-30e-gruen\/","url":"https:\/\/wertkarte24.de\/index.php\/product\/verzehrkarte-30e-gruen\/","name":"Verzehrkarte 30\u20ac Gr\u00fcn - Wertkarten","isPartOf":{"@id":"https:\/\/wertkarte24.de\/#website"},"primaryImageOfPage":{"@id":"https:\/\/wertkarte24.de\/index.php\/product\/verzehrkarte-30e-gruen\/#primaryimage"},"image":{"@id":"https:\/\/wertkarte24.de\/index.php\/product\/verzehrkarte-30e-gruen\/#primaryimage"},"thumbnailUrl":"https:\/\/i0.wp.com\/wertkarte24.de\/wp-content\/uploads\/2021\/08\/Verzgruen30E-1.jpg?fit=1075%2C720&ssl=1","datePublished":"2021-08-18T14:00:07+00:00","dateModified":"2021-10-27T12:20:34+00:00","breadcrumb":{"@id":"https:\/\/wertkarte24.de\/index.php\/product\/verzehrkarte-30e-gruen\/#breadcrumb"},"inLanguage":"de","potentialAction":[{"@type":"ReadAction","target":["https:\/\/wertkarte24.de\/index.php\/product\/verzehrkarte-30e-gruen\/"]}]},{"@type":"ImageObject","inLanguage":"de","@id":"https:\/\/wertkarte24.de\/index.php\/product\/verzehrkarte-30e-gruen\/#primaryimage","url":"https:\/\/i0.wp.com\/wertkarte24.de\/wp-content\/uploads\/2021\/08\/Verzgruen30E-1.jpg?fit=1075%2C720&ssl=1","contentUrl":"https:\/\/i0.wp.com\/wertkarte24.de\/wp-content\/uploads\/2021\/08\/Verzgruen30E-1.jpg?fit=1075%2C720&ssl=1","width":1075,"height":720},{"@type":"BreadcrumbList","@id":"https:\/\/wertkarte24.de\/index.php\/product\/verzehrkarte-30e-gruen\/#breadcrumb","itemListElement":[{"@type":"ListItem","position":1,"name":"Startseite","item":"https:\/\/wertkarte24.de\/"},{"@type":"ListItem","position":2,"name":"Shop","item":"https:\/\/wertkarte24.de\/index.php\/shop\/"},{"@type":"ListItem","position":3,"name":"Verzehrkarte 30\u20ac Gr\u00fcn"}]},{"@type":"WebSite","@id":"https:\/\/wertkarte24.de\/#website","url":"https:\/\/wertkarte24.de\/","name":"Wertkarte24","description":"Wertkarten und Verzehrkarten","publisher":{"@id":"https:\/\/wertkarte24.de\/#organization"},"potentialAction":[{"@type":"SearchAction","target":{"@type":"EntryPoint","urlTemplate":"https:\/\/wertkarte24.de\/?s={search_term_string}"},"query-input":{"@type":"PropertyValueSpecification","valueRequired":true,"valueName":"search_term_string"}}],"inLanguage":"de"},{"@type":"Organization","@id":"https:\/\/wertkarte24.de\/#organization","name":"Wertkarte24","url":"https:\/\/wertkarte24.de\/","logo":{"@type":"ImageObject","inLanguage":"de","@id":"https:\/\/wertkarte24.de\/#\/schema\/logo\/image\/","url":"https:\/\/wertkarte24.de\/wp-content\/uploads\/2021\/08\/cropped-logo.png","contentUrl":"https:\/\/wertkarte24.de\/wp-content\/uploads\/2021\/08\/cropped-logo.png","width":1467,"height":154,"caption":"Wertkarte24"},"image":{"@id":"https:\/\/wertkarte24.de\/#\/schema\/logo\/image\/"}}]}},"jetpack_sharing_enabled":true,"_links":{"self":[{"href":"https:\/\/wertkarte24.de\/index.php\/wp-json\/wp\/v2\/product\/194","targetHints":{"allow":["GET"]}}],"collection":[{"href":"https:\/\/wertkarte24.de\/index.php\/wp-json\/wp\/v2\/product"}],"about":[{"href":"https:\/\/wertkarte24.de\/index.php\/wp-json\/wp\/v2\/types\/product"}],"wp:featuredmedia":[{"embeddable":true,"href":"https:\/\/wertkarte24.de\/index.php\/wp-json\/wp\/v2\/media\/290"}],"wp:attachment":[{"href":"https:\/\/wertkarte24.de\/index.php\/wp-json\/wp\/v2\/media?parent=194"}],"wp:term":[{"taxonomy":"product_brand","embeddable":true,"href":"https:\/\/wertkarte24.de\/index.php\/wp-json\/wp\/v2\/product_brand?post=194"},{"taxonomy":"product_cat","embeddable":true,"href":"https:\/\/wertkarte24.de\/index.php\/wp-json\/wp\/v2\/product_cat?post=194"},{"taxonomy":"product_tag","embeddable":true,"href":"https:\/\/wertkarte24.de\/index.php\/wp-json\/wp\/v2\/product_tag?post=194"}],"curies":[{"name":"wp","href":"https:\/\/api.w.org\/{rel}","templated":true}]}}