{"id":3,"date":"2021-08-13T10:28:43","date_gmt":"2021-08-13T08:28:43","guid":{"rendered":"https:\/\/wertkarte24.de\/wordpress\/?page_id=3"},"modified":"2021-10-27T13:23:12","modified_gmt":"2021-10-27T11:23:12","slug":"datenschutzerklaerung","status":"publish","type":"page","link":"https:\/\/wertkarte24.de\/index.php\/datenschutzerklaerung\/","title":{"rendered":"AGBs"},"content":{"rendered":"\n<p>Allgemeine Gesch\u00e4ftsbedingungen<\/p>\n\n\n\n<p>1. Geltungsbereich<br>F\u00fcr alle Bestellungen \u00fcber unseren Online-Shop gelten die nachfolgenden AGB.<\/p>\n\n\n\n<p>2. Vertragspartner, Vertragsschluss<br>Der Kaufvertrag kommt zustande mit wertkarte24.de.<\/p>\n\n\n\n<p>Mit Einstellung der Produkte in den Online-Shop geben wir ein verbindliches Angebot zum Vertragsschluss \u00fcber diese Artikel ab. Sie k\u00f6nnen unsere Produkte zun\u00e4chst unverbindlich in den Warenkorb legen und Ihre Eingaben vor Absenden Ihrer verbindlichen Bestellung jederzeit korrigieren, indem Sie die hierf\u00fcr im Bestellablauf vorgesehenen und erl\u00e4uterten Korrekturhilfen nutzen. Der Vertrag kommt zustande, indem Sie durch Anklicken des Bestellbuttons das Angebot \u00fcber die im Warenkorb enthaltenen Waren annehmen. Unmittelbar nach dem Absenden der Bestellung erhalten Sie noch einmal eine Best\u00e4tigung per E-Mail.<\/p>\n\n\n\n<p>Ein bindender Vertrag kann auch bereits zuvor wie folgt zustande kommen:<\/p>\n\n\n\n<p>Wenn Sie die Zahlungsart PayPal gew\u00e4hlt haben, kommt der Vertrag zum Zeitpunkt Ihrer Best\u00e4tigung der Zahlungsanweisung an PayPal zustande.<br>Wenn Sie die Zahlungsart SOFORT \u00dcberweisung gew\u00e4hlt haben, kommt der Vertrag zum Zeitpunkt der Best\u00e4tigung der Zahlungsanweisung an die SOFORT GmbH zustande.<br>Die f\u00fcr den Vertragsschluss zur Verf\u00fcgung stehende Sprache ist Deutsch.<br>Wir speichern den Vertragstext und senden Ihnen die Bestelldaten und unsere AGB per E-Mail zu. Die AGB k\u00f6nnen Sie jederzeit auch hier auf dieser Seite einsehen. Ihre vergangenen Bestellungen sind aus Sicherheitsgr\u00fcnden nicht mehr \u00fcber das Internet zug\u00e4nglich.<\/p>\n\n\n\n<p>3. Lieferbedingungen<br>Wir liefern versandkostenfrei.<\/p>\n\n\n\n<p>Sie haben grunds\u00e4tzlich die M\u00f6glichkeit der Abholung bei Design Limburg GbR, Am Schlag 32a, 65549 Limburg, DE \u2013 Deutschland zu den nachfolgend angegebenen Gesch\u00e4ftszeiten: 09:30-14:30 Uhr. <\/p>\n\n\n\n<p>Wir liefern nicht an Packstationen.<\/p>\n\n\n\n<p>4. Bezahlung<br>In unserem Shop stehen Ihnen die folgenden Zahlungsarten zur Verf\u00fcgung:<\/p>\n\n\n\n<p>Vorkasse<br>Bei Auswahl der Zahlungsart Vorkasse nennen wir Ihnen unsere Bankverbindung in der Auftragsbest\u00e4tigung und liefern die Ware nach Zahlungseingang.<\/p>\n\n\n\n<p>Paypal<br>Sie bezahlen den Rechnungsbetrag \u00fcber den Online-Anbieter Paypal. Sie m\u00fcssen grunds\u00e4tzlich dort registriert sein bzw. sich erst registrieren, mit Ihren Zugangsdaten legitimieren und die Zahlungsanweisung an uns best\u00e4tigen. Weitere Hinweise erhalten Sie beim Bestellvorgang.<\/p>\n\n\n\n<p>SOFORT \u00dcberweisung<br>Wir bieten auch SOFORT \u00dcberweisung an. Dabei erhalten wir die \u00dcberweisungsgutschrift unmittelbar. Hierdurch beschleunigt sich der gesamte Bestellvorgang. Sie ben\u00f6tigen hierf\u00fcr lediglich Kontonummer, Bankleitzahl, PIN und TAN. \u00dcber das gesicherte, f\u00fcr H\u00e4ndler nicht zug\u00e4ngliche Zahlformular der SOFORT GmbH stellt SOFORT \u00dcberweisung automatisiert und in Echtzeit eine \u00dcberweisung in Ihrem Online-Bankkonto ein. Der Kaufbetrag wird dabei sofort und direkt an das Bankkonto des H\u00e4ndlers \u00fcberwiesen. Bei Wahl der Zahlungsart SOFORT \u00dcberweisung \u00f6ffnet sich am Ende des Bestellvorgangs ein vorausgef\u00fclltes Formular. Dieses enth\u00e4lt bereits unsere Bankverbindung. Dar\u00fcber hinaus werden in dem Formular bereits der \u00dcberweisungsbetrag und der Verwendungszweck angezeigt. Sie m\u00fcssen nun das Land ausw\u00e4hlen, in dem Sie Ihr Online-Banking-Konto haben und die Bankleitzahl eingeben. Dann geben Sie die gleichen Daten, wie bei Anmeldung zum Online-Banking ein (Kontonummer und PIN). Best\u00e4tigen Sie Ihre Bestellung durch Eingabe der TAN. Direkt im Anschluss erhalten Sie die Transaktion best\u00e4tigt. Grunds\u00e4tzlich kann jeder Internetnutzer die SOFORT \u00dcberweisung als Zahlungsart nutzen, wenn er \u00fcber ein freigeschaltetes Online-Banking-Konto mit PIN\/TAN-Verfahren verf\u00fcgt. Bitte beachten Sie, dass bei einigen wenigen Banken die SOFORT \u00dcberweisung noch nicht verf\u00fcgbar ist. N\u00e4here Informationen, ob Ihre Bank diesen Dienst unterst\u00fctzt erhalten Sie hier:&nbsp;<a target=\"_blank\" href=\"https:\/\/www.sofort.com\/ger-DE\/general\/fuer-kaeufer\/fragen-und-antworten\/\" rel=\"noreferrer noopener\">https:\/\/www.sofort.com\/ger-DE\/general\/fuer-kaeufer\/fragen-und-antworten\/<\/a><\/p>\n\n\n\n<p>Barzahlung bei Abholung<br>Sie k\u00f6nnen Ihre Ware bei der Abholung bar bezahlen.<\/p>\n\n\n\n<p>5. Gew\u00e4hrleistung und Garantien<\/p>\n\n\n\n<p>Es gilt das gesetzliche M\u00e4ngelhaftungsrecht. Informationen zu gegebenenfalls geltenden zus\u00e4tzlichen Garantien und deren genaue Bedingungen finden Sie jeweils beim Produkt und auf besonderen Informationsseiten im Shop.<\/p>\n\n\n\n<p>6. Online-Streitbeilegung<br>Online-Streitbeilegung gem\u00e4\u00df Art. 14 Abs. 1 ODR-VO: Die Europ\u00e4ische Kommission stellt eine Plattform zur Online-Streitbeilegung (OS) bereit, die Sie unter&nbsp;<a target=\"_blank\" href=\"http:\/\/ec.europa.eu\/consumers\/odr\/\" rel=\"noreferrer noopener\">http:\/\/ec.europa.eu\/consumers\/odr\/<\/a>&nbsp;finden.<\/p>\n\n\n\n<p>AGB kostenlos erstellt mit Trusted Shops Rechtstexter in Kooperation mit Wilde Beuger Solmecke Rechtsanw\u00e4lte.<\/p>\n","protected":false},"excerpt":{"rendered":"<p>Allgemeine Gesch\u00e4ftsbedingungen 1. GeltungsbereichF\u00fcr alle Bestellungen \u00fcber unseren Online-Shop gelten die nachfolgenden AGB. 2. Vertragspartner, VertragsschlussDer Kaufvertrag kommt zustande mit wertkarte24.de. Mit Einstellung der Produkte in den Online-Shop geben wir<\/p>\n","protected":false},"author":1,"featured_media":0,"parent":0,"menu_order":0,"comment_status":"closed","ping_status":"open","template":"","meta":{"footnotes":""},"class_list":{"1":"page","2":"type-page","3":"status-publish","4":"hentry"},"yoast_head":"<!-- This site is optimized with the Yoast SEO plugin v27.4 - https:\/\/yoast.com\/product\/yoast-seo-wordpress\/ -->\n<title>AGBs - Wertkarten<\/title>\n<meta name=\"robots\" content=\"index, follow, max-snippet:-1, max-image-preview:large, max-video-preview:-1\" \/>\n<link rel=\"canonical\" href=\"https:\/\/wertkarte24.de\/index.php\/datenschutzerklaerung\/\" \/>\n<meta property=\"og:locale\" content=\"de_DE\" \/>\n<meta property=\"og:type\" content=\"article\" \/>\n<meta property=\"og:title\" content=\"AGBs - Wertkarten\" \/>\n<meta property=\"og:description\" content=\"Allgemeine Gesch\u00e4ftsbedingungen 1. GeltungsbereichF\u00fcr alle Bestellungen \u00fcber unseren Online-Shop gelten die nachfolgenden AGB. 2. Vertragspartner, VertragsschlussDer Kaufvertrag kommt zustande mit wertkarte24.de. Mit Einstellung der Produkte in den Online-Shop geben wir\" \/>\n<meta property=\"og:url\" content=\"https:\/\/wertkarte24.de\/index.php\/datenschutzerklaerung\/\" \/>\n<meta property=\"og:site_name\" content=\"Wertkarten\" \/>\n<meta property=\"article:modified_time\" content=\"2021-10-27T11:23:12+00:00\" \/>\n<meta name=\"twitter:card\" content=\"summary_large_image\" \/>\n<meta name=\"twitter:label1\" content=\"Gesch\u00e4tzte Lesezeit\" \/>\n\t<meta name=\"twitter:data1\" content=\"3\u00a0Minuten\" \/>\n<script type=\"application\/ld+json\" class=\"yoast-schema-graph\">{\"@context\":\"https:\\\/\\\/schema.org\",\"@graph\":[{\"@type\":\"WebPage\",\"@id\":\"https:\\\/\\\/wertkarte24.de\\\/index.php\\\/datenschutzerklaerung\\\/\",\"url\":\"https:\\\/\\\/wertkarte24.de\\\/index.php\\\/datenschutzerklaerung\\\/\",\"name\":\"AGBs - Wertkarten\",\"isPartOf\":{\"@id\":\"https:\\\/\\\/wertkarte24.de\\\/#website\"},\"datePublished\":\"2021-08-13T08:28:43+00:00\",\"dateModified\":\"2021-10-27T11:23:12+00:00\",\"breadcrumb\":{\"@id\":\"https:\\\/\\\/wertkarte24.de\\\/index.php\\\/datenschutzerklaerung\\\/#breadcrumb\"},\"inLanguage\":\"de\",\"potentialAction\":[{\"@type\":\"ReadAction\",\"target\":[\"https:\\\/\\\/wertkarte24.de\\\/index.php\\\/datenschutzerklaerung\\\/\"]}]},{\"@type\":\"BreadcrumbList\",\"@id\":\"https:\\\/\\\/wertkarte24.de\\\/index.php\\\/datenschutzerklaerung\\\/#breadcrumb\",\"itemListElement\":[{\"@type\":\"ListItem\",\"position\":1,\"name\":\"Startseite\",\"item\":\"https:\\\/\\\/wertkarte24.de\\\/\"},{\"@type\":\"ListItem\",\"position\":2,\"name\":\"AGBs\"}]},{\"@type\":\"WebSite\",\"@id\":\"https:\\\/\\\/wertkarte24.de\\\/#website\",\"url\":\"https:\\\/\\\/wertkarte24.de\\\/\",\"name\":\"Wertkarte24\",\"description\":\"Wertkarten und Verzehrkarten\",\"publisher\":{\"@id\":\"https:\\\/\\\/wertkarte24.de\\\/#organization\"},\"potentialAction\":[{\"@type\":\"SearchAction\",\"target\":{\"@type\":\"EntryPoint\",\"urlTemplate\":\"https:\\\/\\\/wertkarte24.de\\\/?s={search_term_string}\"},\"query-input\":{\"@type\":\"PropertyValueSpecification\",\"valueRequired\":true,\"valueName\":\"search_term_string\"}}],\"inLanguage\":\"de\"},{\"@type\":\"Organization\",\"@id\":\"https:\\\/\\\/wertkarte24.de\\\/#organization\",\"name\":\"Wertkarte24\",\"url\":\"https:\\\/\\\/wertkarte24.de\\\/\",\"logo\":{\"@type\":\"ImageObject\",\"inLanguage\":\"de\",\"@id\":\"https:\\\/\\\/wertkarte24.de\\\/#\\\/schema\\\/logo\\\/image\\\/\",\"url\":\"https:\\\/\\\/wertkarte24.de\\\/wp-content\\\/uploads\\\/2021\\\/08\\\/cropped-logo.png\",\"contentUrl\":\"https:\\\/\\\/wertkarte24.de\\\/wp-content\\\/uploads\\\/2021\\\/08\\\/cropped-logo.png\",\"width\":1467,\"height\":154,\"caption\":\"Wertkarte24\"},\"image\":{\"@id\":\"https:\\\/\\\/wertkarte24.de\\\/#\\\/schema\\\/logo\\\/image\\\/\"}}]}<\/script>\n<!-- \/ Yoast SEO plugin. -->","yoast_head_json":{"title":"AGBs - Wertkarten","robots":{"index":"index","follow":"follow","max-snippet":"max-snippet:-1","max-image-preview":"max-image-preview:large","max-video-preview":"max-video-preview:-1"},"canonical":"https:\/\/wertkarte24.de\/index.php\/datenschutzerklaerung\/","og_locale":"de_DE","og_type":"article","og_title":"AGBs - Wertkarten","og_description":"Allgemeine Gesch\u00e4ftsbedingungen 1. GeltungsbereichF\u00fcr alle Bestellungen \u00fcber unseren Online-Shop gelten die nachfolgenden AGB. 2. Vertragspartner, VertragsschlussDer Kaufvertrag kommt zustande mit wertkarte24.de. Mit Einstellung der Produkte in den Online-Shop geben wir","og_url":"https:\/\/wertkarte24.de\/index.php\/datenschutzerklaerung\/","og_site_name":"Wertkarten","article_modified_time":"2021-10-27T11:23:12+00:00","twitter_card":"summary_large_image","twitter_misc":{"Gesch\u00e4tzte Lesezeit":"3\u00a0Minuten"},"schema":{"@context":"https:\/\/schema.org","@graph":[{"@type":"WebPage","@id":"https:\/\/wertkarte24.de\/index.php\/datenschutzerklaerung\/","url":"https:\/\/wertkarte24.de\/index.php\/datenschutzerklaerung\/","name":"AGBs - Wertkarten","isPartOf":{"@id":"https:\/\/wertkarte24.de\/#website"},"datePublished":"2021-08-13T08:28:43+00:00","dateModified":"2021-10-27T11:23:12+00:00","breadcrumb":{"@id":"https:\/\/wertkarte24.de\/index.php\/datenschutzerklaerung\/#breadcrumb"},"inLanguage":"de","potentialAction":[{"@type":"ReadAction","target":["https:\/\/wertkarte24.de\/index.php\/datenschutzerklaerung\/"]}]},{"@type":"BreadcrumbList","@id":"https:\/\/wertkarte24.de\/index.php\/datenschutzerklaerung\/#breadcrumb","itemListElement":[{"@type":"ListItem","position":1,"name":"Startseite","item":"https:\/\/wertkarte24.de\/"},{"@type":"ListItem","position":2,"name":"AGBs"}]},{"@type":"WebSite","@id":"https:\/\/wertkarte24.de\/#website","url":"https:\/\/wertkarte24.de\/","name":"Wertkarte24","description":"Wertkarten und Verzehrkarten","publisher":{"@id":"https:\/\/wertkarte24.de\/#organization"},"potentialAction":[{"@type":"SearchAction","target":{"@type":"EntryPoint","urlTemplate":"https:\/\/wertkarte24.de\/?s={search_term_string}"},"query-input":{"@type":"PropertyValueSpecification","valueRequired":true,"valueName":"search_term_string"}}],"inLanguage":"de"},{"@type":"Organization","@id":"https:\/\/wertkarte24.de\/#organization","name":"Wertkarte24","url":"https:\/\/wertkarte24.de\/","logo":{"@type":"ImageObject","inLanguage":"de","@id":"https:\/\/wertkarte24.de\/#\/schema\/logo\/image\/","url":"https:\/\/wertkarte24.de\/wp-content\/uploads\/2021\/08\/cropped-logo.png","contentUrl":"https:\/\/wertkarte24.de\/wp-content\/uploads\/2021\/08\/cropped-logo.png","width":1467,"height":154,"caption":"Wertkarte24"},"image":{"@id":"https:\/\/wertkarte24.de\/#\/schema\/logo\/image\/"}}]}},"jetpack_sharing_enabled":true,"_links":{"self":[{"href":"https:\/\/wertkarte24.de\/index.php\/wp-json\/wp\/v2\/pages\/3","targetHints":{"allow":["GET"]}}],"collection":[{"href":"https:\/\/wertkarte24.de\/index.php\/wp-json\/wp\/v2\/pages"}],"about":[{"href":"https:\/\/wertkarte24.de\/index.php\/wp-json\/wp\/v2\/types\/page"}],"author":[{"embeddable":true,"href":"https:\/\/wertkarte24.de\/index.php\/wp-json\/wp\/v2\/users\/1"}],"replies":[{"embeddable":true,"href":"https:\/\/wertkarte24.de\/index.php\/wp-json\/wp\/v2\/comments?post=3"}],"version-history":[{"count":3,"href":"https:\/\/wertkarte24.de\/index.php\/wp-json\/wp\/v2\/pages\/3\/revisions"}],"predecessor-version":[{"id":483,"href":"https:\/\/wertkarte24.de\/index.php\/wp-json\/wp\/v2\/pages\/3\/revisions\/483"}],"wp:attachment":[{"href":"https:\/\/wertkarte24.de\/index.php\/wp-json\/wp\/v2\/media?parent=3"}],"curies":[{"name":"wp","href":"https:\/\/api.w.org\/{rel}","templated":true}]}}