{"id":2,"date":"2021-08-13T10:28:43","date_gmt":"2021-08-13T08:28:43","guid":{"rendered":"https:\/\/wertkarte24.de\/wordpress\/?page_id=2"},"modified":"2024-06-27T09:17:02","modified_gmt":"2024-06-27T07:17:02","slug":"https-www-wertkarte24-de","status":"publish","type":"page","link":"https:\/\/wertkarte24.de\/","title":{"rendered":"Startseite"},"content":{"rendered":"\n<h2 class=\"wp-block-heading has-text-align-center\">Willkommen bei Wertkarte24.de<\/h2>\n\n\n\n<div style=\"height:60px\" aria-hidden=\"true\" class=\"wp-block-spacer\"><\/div>\n\n\n<div class=\"wp-block-image\">\n<figure class=\"aligncenter size-full is-resized\"><img data-recalc-dims=\"1\" loading=\"lazy\" decoding=\"async\" width=\"640\" height=\"194\" src=\"https:\/\/i0.wp.com\/wertkarte24.de\/wordpress\/wp-content\/uploads\/2021\/08\/101.jpg?resize=640%2C194&#038;ssl=1\" alt=\"Titelbild Wertkarten Wertkarte\" class=\"wp-image-39\" style=\"width:841px;height:255px\" srcset=\"https:\/\/i0.wp.com\/wertkarte24.de\/wp-content\/uploads\/2021\/08\/101.jpg?w=832&amp;ssl=1 832w, https:\/\/i0.wp.com\/wertkarte24.de\/wp-content\/uploads\/2021\/08\/101.jpg?resize=720%2C218&amp;ssl=1 720w, https:\/\/i0.wp.com\/wertkarte24.de\/wp-content\/uploads\/2021\/08\/101.jpg?resize=300%2C91&amp;ssl=1 300w, https:\/\/i0.wp.com\/wertkarte24.de\/wp-content\/uploads\/2021\/08\/101.jpg?resize=768%2C233&amp;ssl=1 768w\" sizes=\"auto, (max-width: 640px) 100vw, 640px\" \/><\/figure>\n<\/div>\n\n\n<div style=\"height:79px\" aria-hidden=\"true\" class=\"wp-block-spacer\"><\/div>\n\n\n\n<div class=\"wp-block-columns is-layout-flex wp-container-core-columns-is-layout-9d6595d7 wp-block-columns-is-layout-flex\">\n<div class=\"wp-block-column is-layout-flow wp-block-column-is-layout-flow\">\n<h2 class=\"wp-block-heading\" id=\"cc-m-header-8713173885\">Wertkarten &amp; Verzehrkarten<\/h2>\n\n\n\n<p>Bei uns erhalten Sie Wert- und&nbsp;Verzehrkarten f\u00fcr Ihre Veranstaltungen oder&nbsp;Feiern! <\/p>\n\n\n\n<p>Unsere Wert- und Verzehrkarten&nbsp;sind im Format 55 x 85 mm und werden auf 350g matten&nbsp;Material gedruckt.&nbsp;<\/p>\n\n\n\n<h2 class=\"wp-block-heading\" id=\"cc-m-header-9047826585\">Loch-Stanzer &amp; Stempel<\/h2>\n\n\n\n<p>Bei uns bekommen Sie das passende Zubeh\u00f6r. Von Multi Einzelloch Stanzer bis hin zum Stempel mit Individuellen Motiven. &nbsp;<\/p>\n\n\n\n<figure class=\"wp-block-image size-full\"><img data-recalc-dims=\"1\" decoding=\"async\" src=\"https:\/\/i0.wp.com\/smarttec24.de\/wp-content\/uploads\/2021\/08\/129.jpg?w=640&#038;ssl=1\" alt=\"\" class=\"wp-image-58\"\/><\/figure>\n<\/div>\n\n\n\n<div class=\"wp-block-column is-layout-flow wp-block-column-is-layout-flow\">\n<h2 class=\"wp-block-heading\" id=\"cc-m-header-8713174085\">Service<\/h2>\n\n\n\n<p>Jede&nbsp;Wert- oder Verzehrkarte&nbsp;wird kostenlos mit Ihrem&nbsp;Logo gedruckt. Des Weitern k\u00f6nnen Sie die R\u00fcckseite der Karte f\u00fcr&nbsp;Werbung eines Sponsors nutzen.&nbsp;<\/p>\n\n\n\n<figure class=\"wp-block-image size-full\"><img data-recalc-dims=\"1\" decoding=\"async\" src=\"https:\/\/i0.wp.com\/smarttec24.de\/wp-content\/uploads\/2021\/08\/123.jpg?w=640&#038;ssl=1\" alt=\"\" class=\"wp-image-63\"\/><\/figure>\n\n\n\n<p>Gerne erstellen wir Ihnen auch eine individuelle Karte nach Ihren Ideen und W\u00fcnschen. Rufen Sie uns einfach an oder schreiben eine E-Mail:<\/p>\n\n\n\n<p>Gesch\u00e4ftszeiten:<\/p>\n\n\n\n<p>Mo-Fr: &nbsp;10 bis 17 Uhr<\/p>\n\n\n\n<p><a href=\"mailto:info@wertkarte24.de\">info@wertkarte24.de<\/a><\/p>\n<\/div>\n\n\n\n<div class=\"wp-block-column is-layout-flow wp-block-column-is-layout-flow\">\n<h2 class=\"wp-block-heading\" id=\"cc-m-header-8713174285\">Designs<\/h2>\n\n\n\n<p>Eine kleine \u00dcbersicht unserer Wertkarten-Designs<\/p>\n\n\n\n<figure class=\"wp-block-image size-full is-style-default\"><img data-recalc-dims=\"1\" loading=\"lazy\" decoding=\"async\" width=\"248\" height=\"154\" src=\"https:\/\/i0.wp.com\/wertkarte24.de\/wp-content\/uploads\/2021\/08\/124.jpg?resize=248%2C154&#038;ssl=1\" alt=\"Wertkarten, Wertkarte\" class=\"wp-image-402\"\/><\/figure>\n\n\n\n<div class=\"wp-block-buttons is-layout-flex wp-block-buttons-is-layout-flex\">\n<div class=\"wp-block-button is-style-outline is-style-outline--1\"><a class=\"wp-block-button__link wp-element-button\" href=\"https:\/\/wertkarte24.de\/index.php\/shop\/\">Unser Shop<\/a><\/div>\n<\/div>\n\n\n\n<p>Eine kleine \u00dcbersicht unserer Verzehrkarten-Designs. Gerne k\u00f6nnen Sie auch Ihren eigenen Hintergrund nutzen.<\/p>\n\n\n\n<figure class=\"wp-block-image size-full\"><img data-recalc-dims=\"1\" loading=\"lazy\" decoding=\"async\" width=\"247\" height=\"151\" src=\"https:\/\/i0.wp.com\/wertkarte24.de\/wp-content\/uploads\/2021\/08\/127.jpg?resize=247%2C151&#038;ssl=1\" alt=\"Verzehrkarte\" class=\"wp-image-403\"\/><\/figure>\n<\/div>\n<\/div>\n\n\n\n<div style=\"height:116px\" aria-hidden=\"true\" class=\"wp-block-spacer\"><\/div>\n\n\n\n<p><strong>Was sind Wert- und <a>Verzehrkarten<\/a>?<\/strong><\/p>\n\n\n\n<p><a href=\"https:\/\/wertkarte24.de\/index.php\/shop\/\">Stempelkarten<\/a> und <a href=\"https:\/\/wertkarte24.de\/index.php\/shop\/\">Verzehrkarten<\/a> sind beliebte Instrumente, die in verschiedenen Gesch\u00e4ften, Restaurants, Caf\u00e9s und Veranstaltungen eingesetzt werden. Hier ist, was sie im Allgemeinen bedeuten:<\/p>\n\n\n\n<ul class=\"wp-block-list\">\n<li><strong><a href=\"https:\/\/wertkarte24.de\/index.php\/shop\/\">Verzehrkarten und Wertkarte<\/a>:<\/strong> Werden in der Regel bei Veranstaltungen, Festen oder M\u00e4rkten verwendet, um den Konsum von Speisen und Getr\u00e4nken zu verwalten. Kunden kaufen eine Karte mit einem bestimmten Wert und dieser Wert wird jedes Mal abgestempelt oder durchgestrichen, wenn sie etwas kaufen. <a>Verzehrkarten<\/a> helfen dabei, den \u00dcberblick \u00fcber die Ausgaben zu behalten und den Service bei Festen effizienter zu gestalten.<\/li>\n<\/ul>\n\n\n\n<p>Sowohl Stempel- als auch <a>Verzehrkarten<\/a> bieten Kunden Vorteile wie Budgetkontrolle, Kundenbindung und einen schnelleren Service. Diese Karten sind praktische Tools, die sowohl f\u00fcr Unternehmen als auch f\u00fcr Kunden viele Vorteile bieten.<\/p>\n","protected":false},"excerpt":{"rendered":"<p>Willkommen bei Wertkarte24.de Wertkarten &amp; Verzehrkarten Bei uns erhalten Sie Wert- und&nbsp;Verzehrkarten f\u00fcr Ihre Veranstaltungen oder&nbsp;Feiern! Unsere Wert- und Verzehrkarten&nbsp;sind im Format 55 x 85 mm und werden auf 350g<\/p>\n","protected":false},"author":1,"featured_media":39,"parent":0,"menu_order":0,"comment_status":"closed","ping_status":"open","template":"","meta":{"footnotes":""},"class_list":{"0":"post-2","1":"page","2":"type-page","3":"status-publish","5":"hentry"},"yoast_head":"<!-- This site is optimized with the Yoast SEO plugin v27.4 - https:\/\/yoast.com\/product\/yoast-seo-wordpress\/ -->\n<title>Wertkarten, Verzehrkarten, Individuell, Stempel<\/title>\n<meta name=\"description\" content=\"Bei uns erhalten Sie Wert- und Verzehrkarten f\u00fcr Ihre Veranstaltungen oder Feiern! Unsere Wert- und Verzehrkarten sind im Format 55 x 85 mm\" \/>\n<meta name=\"robots\" content=\"index, follow, max-snippet:-1, max-image-preview:large, max-video-preview:-1\" \/>\n<link rel=\"canonical\" href=\"https:\/\/wertkarte24.de\/\" \/>\n<meta property=\"og:locale\" content=\"de_DE\" \/>\n<meta property=\"og:type\" content=\"article\" \/>\n<meta property=\"og:title\" content=\"Wertkarten, Verzehrkarten, Individuell, Stempel\" \/>\n<meta property=\"og:description\" content=\"Bei uns erhalten Sie Wert- und Verzehrkarten f\u00fcr Ihre Veranstaltungen oder Feiern! Unsere Wert- und Verzehrkarten sind im Format 55 x 85 mm\" \/>\n<meta property=\"og:url\" content=\"https:\/\/wertkarte24.de\/\" \/>\n<meta property=\"og:site_name\" content=\"Wertkarten\" \/>\n<meta property=\"article:modified_time\" content=\"2024-06-27T07:17:02+00:00\" \/>\n<meta property=\"og:image\" content=\"https:\/\/wertkarte24.de\/wp-content\/uploads\/2021\/08\/101.jpg\" \/>\n\t<meta property=\"og:image:width\" content=\"832\" \/>\n\t<meta property=\"og:image:height\" content=\"252\" \/>\n\t<meta property=\"og:image:type\" content=\"image\/jpeg\" \/>\n<meta name=\"twitter:card\" content=\"summary_large_image\" \/>\n<meta name=\"twitter:label1\" content=\"Gesch\u00e4tzte Lesezeit\" \/>\n\t<meta name=\"twitter:data1\" content=\"2\u00a0Minuten\" \/>\n<script type=\"application\/ld+json\" class=\"yoast-schema-graph\">{\"@context\":\"https:\\\/\\\/schema.org\",\"@graph\":[{\"@type\":\"WebPage\",\"@id\":\"https:\\\/\\\/wertkarte24.de\\\/\",\"url\":\"https:\\\/\\\/wertkarte24.de\\\/\",\"name\":\"Wertkarten, Verzehrkarten, Individuell, Stempel\",\"isPartOf\":{\"@id\":\"https:\\\/\\\/wertkarte24.de\\\/#website\"},\"primaryImageOfPage\":{\"@id\":\"https:\\\/\\\/wertkarte24.de\\\/#primaryimage\"},\"image\":{\"@id\":\"https:\\\/\\\/wertkarte24.de\\\/#primaryimage\"},\"thumbnailUrl\":\"https:\\\/\\\/i0.wp.com\\\/wertkarte24.de\\\/wp-content\\\/uploads\\\/2021\\\/08\\\/101.jpg?fit=832%2C252&ssl=1\",\"datePublished\":\"2021-08-13T08:28:43+00:00\",\"dateModified\":\"2024-06-27T07:17:02+00:00\",\"description\":\"Bei uns erhalten Sie Wert- und Verzehrkarten f\u00fcr Ihre Veranstaltungen oder Feiern! Unsere Wert- und Verzehrkarten sind im Format 55 x 85 mm\",\"breadcrumb\":{\"@id\":\"https:\\\/\\\/wertkarte24.de\\\/#breadcrumb\"},\"inLanguage\":\"de\",\"potentialAction\":[{\"@type\":\"ReadAction\",\"target\":[\"https:\\\/\\\/wertkarte24.de\\\/\"]}]},{\"@type\":\"ImageObject\",\"inLanguage\":\"de\",\"@id\":\"https:\\\/\\\/wertkarte24.de\\\/#primaryimage\",\"url\":\"https:\\\/\\\/i0.wp.com\\\/wertkarte24.de\\\/wp-content\\\/uploads\\\/2021\\\/08\\\/101.jpg?fit=832%2C252&ssl=1\",\"contentUrl\":\"https:\\\/\\\/i0.wp.com\\\/wertkarte24.de\\\/wp-content\\\/uploads\\\/2021\\\/08\\\/101.jpg?fit=832%2C252&ssl=1\",\"width\":832,\"height\":252},{\"@type\":\"BreadcrumbList\",\"@id\":\"https:\\\/\\\/wertkarte24.de\\\/#breadcrumb\",\"itemListElement\":[{\"@type\":\"ListItem\",\"position\":1,\"name\":\"Startseite\",\"item\":\"https:\\\/\\\/wertkarte24.de\\\/\"},{\"@type\":\"ListItem\",\"position\":2,\"name\":\"Startseite\"}]},{\"@type\":\"WebSite\",\"@id\":\"https:\\\/\\\/wertkarte24.de\\\/#website\",\"url\":\"https:\\\/\\\/wertkarte24.de\\\/\",\"name\":\"Wertkarte24\",\"description\":\"Wertkarten und Verzehrkarten\",\"publisher\":{\"@id\":\"https:\\\/\\\/wertkarte24.de\\\/#organization\"},\"potentialAction\":[{\"@type\":\"SearchAction\",\"target\":{\"@type\":\"EntryPoint\",\"urlTemplate\":\"https:\\\/\\\/wertkarte24.de\\\/?s={search_term_string}\"},\"query-input\":{\"@type\":\"PropertyValueSpecification\",\"valueRequired\":true,\"valueName\":\"search_term_string\"}}],\"inLanguage\":\"de\"},{\"@type\":\"Organization\",\"@id\":\"https:\\\/\\\/wertkarte24.de\\\/#organization\",\"name\":\"Wertkarte24\",\"url\":\"https:\\\/\\\/wertkarte24.de\\\/\",\"logo\":{\"@type\":\"ImageObject\",\"inLanguage\":\"de\",\"@id\":\"https:\\\/\\\/wertkarte24.de\\\/#\\\/schema\\\/logo\\\/image\\\/\",\"url\":\"https:\\\/\\\/wertkarte24.de\\\/wp-content\\\/uploads\\\/2021\\\/08\\\/cropped-logo.png\",\"contentUrl\":\"https:\\\/\\\/wertkarte24.de\\\/wp-content\\\/uploads\\\/2021\\\/08\\\/cropped-logo.png\",\"width\":1467,\"height\":154,\"caption\":\"Wertkarte24\"},\"image\":{\"@id\":\"https:\\\/\\\/wertkarte24.de\\\/#\\\/schema\\\/logo\\\/image\\\/\"}}]}<\/script>\n<!-- \/ Yoast SEO plugin. -->","yoast_head_json":{"title":"Wertkarten, Verzehrkarten, Individuell, Stempel","description":"Bei uns erhalten Sie Wert- und Verzehrkarten f\u00fcr Ihre Veranstaltungen oder Feiern! Unsere Wert- und Verzehrkarten sind im Format 55 x 85 mm","robots":{"index":"index","follow":"follow","max-snippet":"max-snippet:-1","max-image-preview":"max-image-preview:large","max-video-preview":"max-video-preview:-1"},"canonical":"https:\/\/wertkarte24.de\/","og_locale":"de_DE","og_type":"article","og_title":"Wertkarten, Verzehrkarten, Individuell, Stempel","og_description":"Bei uns erhalten Sie Wert- und Verzehrkarten f\u00fcr Ihre Veranstaltungen oder Feiern! Unsere Wert- und Verzehrkarten sind im Format 55 x 85 mm","og_url":"https:\/\/wertkarte24.de\/","og_site_name":"Wertkarten","article_modified_time":"2024-06-27T07:17:02+00:00","og_image":[{"width":832,"height":252,"url":"https:\/\/wertkarte24.de\/wp-content\/uploads\/2021\/08\/101.jpg","type":"image\/jpeg"}],"twitter_card":"summary_large_image","twitter_misc":{"Gesch\u00e4tzte Lesezeit":"2\u00a0Minuten"},"schema":{"@context":"https:\/\/schema.org","@graph":[{"@type":"WebPage","@id":"https:\/\/wertkarte24.de\/","url":"https:\/\/wertkarte24.de\/","name":"Wertkarten, Verzehrkarten, Individuell, Stempel","isPartOf":{"@id":"https:\/\/wertkarte24.de\/#website"},"primaryImageOfPage":{"@id":"https:\/\/wertkarte24.de\/#primaryimage"},"image":{"@id":"https:\/\/wertkarte24.de\/#primaryimage"},"thumbnailUrl":"https:\/\/i0.wp.com\/wertkarte24.de\/wp-content\/uploads\/2021\/08\/101.jpg?fit=832%2C252&ssl=1","datePublished":"2021-08-13T08:28:43+00:00","dateModified":"2024-06-27T07:17:02+00:00","description":"Bei uns erhalten Sie Wert- und Verzehrkarten f\u00fcr Ihre Veranstaltungen oder Feiern! Unsere Wert- und Verzehrkarten sind im Format 55 x 85 mm","breadcrumb":{"@id":"https:\/\/wertkarte24.de\/#breadcrumb"},"inLanguage":"de","potentialAction":[{"@type":"ReadAction","target":["https:\/\/wertkarte24.de\/"]}]},{"@type":"ImageObject","inLanguage":"de","@id":"https:\/\/wertkarte24.de\/#primaryimage","url":"https:\/\/i0.wp.com\/wertkarte24.de\/wp-content\/uploads\/2021\/08\/101.jpg?fit=832%2C252&ssl=1","contentUrl":"https:\/\/i0.wp.com\/wertkarte24.de\/wp-content\/uploads\/2021\/08\/101.jpg?fit=832%2C252&ssl=1","width":832,"height":252},{"@type":"BreadcrumbList","@id":"https:\/\/wertkarte24.de\/#breadcrumb","itemListElement":[{"@type":"ListItem","position":1,"name":"Startseite","item":"https:\/\/wertkarte24.de\/"},{"@type":"ListItem","position":2,"name":"Startseite"}]},{"@type":"WebSite","@id":"https:\/\/wertkarte24.de\/#website","url":"https:\/\/wertkarte24.de\/","name":"Wertkarte24","description":"Wertkarten und Verzehrkarten","publisher":{"@id":"https:\/\/wertkarte24.de\/#organization"},"potentialAction":[{"@type":"SearchAction","target":{"@type":"EntryPoint","urlTemplate":"https:\/\/wertkarte24.de\/?s={search_term_string}"},"query-input":{"@type":"PropertyValueSpecification","valueRequired":true,"valueName":"search_term_string"}}],"inLanguage":"de"},{"@type":"Organization","@id":"https:\/\/wertkarte24.de\/#organization","name":"Wertkarte24","url":"https:\/\/wertkarte24.de\/","logo":{"@type":"ImageObject","inLanguage":"de","@id":"https:\/\/wertkarte24.de\/#\/schema\/logo\/image\/","url":"https:\/\/wertkarte24.de\/wp-content\/uploads\/2021\/08\/cropped-logo.png","contentUrl":"https:\/\/wertkarte24.de\/wp-content\/uploads\/2021\/08\/cropped-logo.png","width":1467,"height":154,"caption":"Wertkarte24"},"image":{"@id":"https:\/\/wertkarte24.de\/#\/schema\/logo\/image\/"}}]}},"jetpack_sharing_enabled":true,"_links":{"self":[{"href":"https:\/\/wertkarte24.de\/index.php\/wp-json\/wp\/v2\/pages\/2","targetHints":{"allow":["GET"]}}],"collection":[{"href":"https:\/\/wertkarte24.de\/index.php\/wp-json\/wp\/v2\/pages"}],"about":[{"href":"https:\/\/wertkarte24.de\/index.php\/wp-json\/wp\/v2\/types\/page"}],"author":[{"embeddable":true,"href":"https:\/\/wertkarte24.de\/index.php\/wp-json\/wp\/v2\/users\/1"}],"replies":[{"embeddable":true,"href":"https:\/\/wertkarte24.de\/index.php\/wp-json\/wp\/v2\/comments?post=2"}],"version-history":[{"count":22,"href":"https:\/\/wertkarte24.de\/index.php\/wp-json\/wp\/v2\/pages\/2\/revisions"}],"predecessor-version":[{"id":634,"href":"https:\/\/wertkarte24.de\/index.php\/wp-json\/wp\/v2\/pages\/2\/revisions\/634"}],"wp:featuredmedia":[{"embeddable":true,"href":"https:\/\/wertkarte24.de\/index.php\/wp-json\/wp\/v2\/media\/39"}],"wp:attachment":[{"href":"https:\/\/wertkarte24.de\/index.php\/wp-json\/wp\/v2\/media?parent=2"}],"curies":[{"name":"wp","href":"https:\/\/api.w.org\/{rel}","templated":true}]}}