{"id":18,"date":"2021-08-13T11:09:59","date_gmt":"2021-08-13T09:09:59","guid":{"rendered":"https:\/\/wertkarte24.de\/wordpress\/?page_id=18"},"modified":"2024-08-07T09:17:16","modified_gmt":"2024-08-07T07:17:16","slug":"kontakt","status":"publish","type":"page","link":"https:\/\/wertkarte24.de\/index.php\/kontakt\/","title":{"rendered":"Kontakt"},"content":{"rendered":"<div class=\"wpforms-container wpforms-container-full wpforms-block wpforms-block-7f316f60-e4b8-4e54-a810-9644b017fd13 wpforms-render-modern\" id=\"wpforms-642\"><form id=\"wpforms-form-642\" class=\"wpforms-validate wpforms-form wpforms-ajax-form\" data-formid=\"642\" method=\"post\" enctype=\"multipart\/form-data\" action=\"\/index.php\/wp-json\/wp\/v2\/pages\/18\" data-token=\"9ee20546cee416c572cb637b797117b0\" data-token-time=\"1778415442\"><noscript class=\"wpforms-error-noscript\">Bitte aktiviere JavaScript in deinem Browser, um dieses Formular fertigzustellen.<\/noscript><div id=\"wpforms-error-noscript\" style=\"display: none;\">Bitte aktiviere JavaScript in deinem Browser, um dieses Formular fertigzustellen.<\/div><div class=\"wpforms-field-container\"><div id=\"wpforms-642-field_0-container\" class=\"wpforms-field wpforms-field-name\" data-field-id=\"0\"><fieldset><legend class=\"wpforms-field-label\">Name <span class=\"wpforms-required-label\" aria-hidden=\"true\">*<\/span><\/legend><div class=\"wpforms-field-row wpforms-field-medium\"><div class=\"wpforms-field-row-block wpforms-first wpforms-one-half\"><input type=\"text\" id=\"wpforms-642-field_0\" class=\"wpforms-field-name-first wpforms-field-required\" name=\"wpforms[fields][0][first]\" aria-errormessage=\"wpforms-642-field_0-error\" required><label for=\"wpforms-642-field_0\" class=\"wpforms-field-sublabel after\">Vorname<\/label><\/div><div class=\"wpforms-field-row-block wpforms-one-half\"><input type=\"text\" id=\"wpforms-642-field_0-last\" class=\"wpforms-field-name-last wpforms-field-required\" name=\"wpforms[fields][0][last]\" aria-errormessage=\"wpforms-642-field_0-last-error\" required><label for=\"wpforms-642-field_0-last\" class=\"wpforms-field-sublabel after\">Nachname<\/label><\/div><\/div><\/fieldset><\/div><div id=\"wpforms-642-field_1-container\" class=\"wpforms-field wpforms-field-email\" data-field-id=\"1\"><label class=\"wpforms-field-label\" for=\"wpforms-642-field_1\">Email <span class=\"wpforms-required-label\" aria-hidden=\"true\">*<\/span><\/label><input type=\"email\" id=\"wpforms-642-field_1\" class=\"wpforms-field-medium wpforms-field-required\" name=\"wpforms[fields][1]\" spellcheck=\"false\" aria-errormessage=\"wpforms-642-field_1-error\" required><\/div><div id=\"wpforms-642-field_2-container\" class=\"wpforms-field wpforms-field-textarea\" data-field-id=\"2\"><label class=\"wpforms-field-label\" for=\"wpforms-642-field_2\">Ihre Nachricht:<\/label><textarea id=\"wpforms-642-field_2\" class=\"wpforms-field-medium\" name=\"wpforms[fields][2]\" aria-errormessage=\"wpforms-642-field_2-error\" ><\/textarea><\/div><div id=\"wpforms-642-field_4-container\" class=\"wpforms-field wpforms-field-checkbox\" data-field-id=\"4\"><fieldset><legend class=\"wpforms-field-label\">Datenschutz <span class=\"wpforms-required-label\" aria-hidden=\"true\">*<\/span><\/legend><ul id=\"wpforms-642-field_4\" class=\"wpforms-field-required\"><li class=\"choice-1 depth-1\"><input type=\"checkbox\" id=\"wpforms-642-field_4_1\" name=\"wpforms[fields][4][]\" value=\"Ich erkl\u00e4re mich damit einverstanden, dass die personenbezogenen Daten, die im Rahmen einer Kontaktanfrage angegeben werden, f\u00fcr die Bearbeitung Meiner Anfrage genutzt und unverz\u00fcglich vom Webserver gel\u00f6scht werden. Wir weisen darauf hin, dass die Nachrichten gegebenenfalls im Rahmen gesetzlich bestehender Aufbewahrungspflichten aufbewahrt werden. Eine Weitergabe an Dritte findet nicht statt. Weitere Informationen zum Datenschutz findest Du in unserer Datenschutzerkl\u00e4rung.\" aria-errormessage=\"wpforms-642-field_4_1-error\" required ><label class=\"wpforms-field-label-inline\" for=\"wpforms-642-field_4_1\">Ich erkl\u00e4re mich damit einverstanden, dass die personenbezogenen Daten, die im Rahmen einer Kontaktanfrage angegeben werden, f\u00fcr die Bearbeitung Meiner Anfrage genutzt und unverz\u00fcglich vom Webserver gel\u00f6scht werden. Wir weisen darauf hin, dass die Nachrichten gegebenenfalls im Rahmen gesetzlich bestehender Aufbewahrungspflichten aufbewahrt werden. Eine Weitergabe an Dritte findet nicht statt. Weitere Informationen zum Datenschutz findest Du in unserer Datenschutzerkl\u00e4rung.<\/label><\/li><\/ul><\/fieldset><\/div><\/div><!-- .wpforms-field-container --><div class=\"wpforms-submit-container\" ><input type=\"hidden\" name=\"wpforms[id]\" value=\"642\"><input type=\"hidden\" name=\"page_title\" value=\"\"><input type=\"hidden\" name=\"page_url\" value=\"https:\/\/wertkarte24.de\/index.php\/wp-json\/wp\/v2\/pages\/18\"><input type=\"hidden\" name=\"url_referer\" value=\"\"><button type=\"submit\" name=\"wpforms[submit]\" id=\"wpforms-submit-642\" class=\"wpforms-submit\" data-alt-text=\"Sending...\" data-submit-text=\"Submit\" aria-live=\"assertive\" value=\"wpforms-submit\">Submit<\/button><img loading=\"lazy\" decoding=\"async\" src=\"https:\/\/wertkarte24.de\/wp-content\/plugins\/wpforms-lite\/assets\/images\/submit-spin.svg\" class=\"wpforms-submit-spinner\" style=\"display: none;\" width=\"26\" height=\"26\" alt=\"Wird geladen\"><\/div><\/form><\/div>  <!-- .wpforms-container -->","protected":false},"excerpt":{"rendered":"","protected":false},"author":1,"featured_media":0,"parent":0,"menu_order":0,"comment_status":"closed","ping_status":"closed","template":"","meta":{"footnotes":""},"class_list":{"1":"page","2":"type-page","3":"status-publish","4":"hentry"},"yoast_head":"<!-- This site is optimized with the Yoast SEO plugin v27.5 - https:\/\/yoast.com\/product\/yoast-seo-wordpress\/ -->\n<title>Kontakt - Wertkarten Kontakt Kontaktieren sie uns<\/title>\n<meta name=\"description\" content=\"Sie haben Fragen zum Produkt? Unser Service-Team stehen Ihnen Werktags von 10:00 bis 17:00 Uhrkostenlos zur Verf\u00fcgung: Tel.: 06431\/9441286 Mail: info@wertkarte24.de\" \/>\n<meta name=\"robots\" content=\"index, follow, max-snippet:-1, max-image-preview:large, max-video-preview:-1\" \/>\n<link rel=\"canonical\" href=\"https:\/\/wertkarte24.de\/index.php\/kontakt\/\" \/>\n<meta property=\"og:locale\" content=\"de_DE\" \/>\n<meta property=\"og:type\" content=\"article\" \/>\n<meta property=\"og:title\" content=\"Kontakt - Wertkarten Kontakt Kontaktieren sie uns\" \/>\n<meta property=\"og:description\" content=\"Sie haben Fragen zum Produkt? Unser Service-Team stehen Ihnen Werktags von 10:00 bis 17:00 Uhrkostenlos zur Verf\u00fcgung: Tel.: 06431\/9441286 Mail: info@wertkarte24.de\" \/>\n<meta property=\"og:url\" content=\"https:\/\/wertkarte24.de\/index.php\/kontakt\/\" \/>\n<meta property=\"og:site_name\" content=\"Wertkarten\" \/>\n<meta property=\"article:modified_time\" content=\"2024-08-07T07:17:16+00:00\" \/>\n<meta name=\"twitter:card\" content=\"summary_large_image\" \/>\n<meta name=\"twitter:label1\" content=\"Gesch\u00e4tzte Lesezeit\" \/>\n\t<meta name=\"twitter:data1\" content=\"1\u00a0Minute\" \/>\n<script type=\"application\/ld+json\" class=\"yoast-schema-graph\">{\"@context\":\"https:\\\/\\\/schema.org\",\"@graph\":[{\"@type\":\"WebPage\",\"@id\":\"https:\\\/\\\/wertkarte24.de\\\/index.php\\\/kontakt\\\/\",\"url\":\"https:\\\/\\\/wertkarte24.de\\\/index.php\\\/kontakt\\\/\",\"name\":\"Kontakt - Wertkarten Kontakt Kontaktieren sie uns\",\"isPartOf\":{\"@id\":\"https:\\\/\\\/wertkarte24.de\\\/#website\"},\"datePublished\":\"2021-08-13T09:09:59+00:00\",\"dateModified\":\"2024-08-07T07:17:16+00:00\",\"description\":\"Sie haben Fragen zum Produkt? Unser Service-Team stehen Ihnen Werktags von 10:00 bis 17:00 Uhrkostenlos zur Verf\u00fcgung: Tel.: 06431\\\/9441286 Mail: info@wertkarte24.de\",\"breadcrumb\":{\"@id\":\"https:\\\/\\\/wertkarte24.de\\\/index.php\\\/kontakt\\\/#breadcrumb\"},\"inLanguage\":\"de\",\"potentialAction\":[{\"@type\":\"ReadAction\",\"target\":[\"https:\\\/\\\/wertkarte24.de\\\/index.php\\\/kontakt\\\/\"]}]},{\"@type\":\"BreadcrumbList\",\"@id\":\"https:\\\/\\\/wertkarte24.de\\\/index.php\\\/kontakt\\\/#breadcrumb\",\"itemListElement\":[{\"@type\":\"ListItem\",\"position\":1,\"name\":\"Startseite\",\"item\":\"https:\\\/\\\/wertkarte24.de\\\/\"},{\"@type\":\"ListItem\",\"position\":2,\"name\":\"Kontakt\"}]},{\"@type\":\"WebSite\",\"@id\":\"https:\\\/\\\/wertkarte24.de\\\/#website\",\"url\":\"https:\\\/\\\/wertkarte24.de\\\/\",\"name\":\"Wertkarte24\",\"description\":\"Wertkarten und Verzehrkarten\",\"publisher\":{\"@id\":\"https:\\\/\\\/wertkarte24.de\\\/#organization\"},\"potentialAction\":[{\"@type\":\"SearchAction\",\"target\":{\"@type\":\"EntryPoint\",\"urlTemplate\":\"https:\\\/\\\/wertkarte24.de\\\/?s={search_term_string}\"},\"query-input\":{\"@type\":\"PropertyValueSpecification\",\"valueRequired\":true,\"valueName\":\"search_term_string\"}}],\"inLanguage\":\"de\"},{\"@type\":\"Organization\",\"@id\":\"https:\\\/\\\/wertkarte24.de\\\/#organization\",\"name\":\"Wertkarte24\",\"url\":\"https:\\\/\\\/wertkarte24.de\\\/\",\"logo\":{\"@type\":\"ImageObject\",\"inLanguage\":\"de\",\"@id\":\"https:\\\/\\\/wertkarte24.de\\\/#\\\/schema\\\/logo\\\/image\\\/\",\"url\":\"https:\\\/\\\/wertkarte24.de\\\/wp-content\\\/uploads\\\/2021\\\/08\\\/cropped-logo.png\",\"contentUrl\":\"https:\\\/\\\/wertkarte24.de\\\/wp-content\\\/uploads\\\/2021\\\/08\\\/cropped-logo.png\",\"width\":1467,\"height\":154,\"caption\":\"Wertkarte24\"},\"image\":{\"@id\":\"https:\\\/\\\/wertkarte24.de\\\/#\\\/schema\\\/logo\\\/image\\\/\"}}]}<\/script>\n<!-- \/ Yoast SEO plugin. -->","yoast_head_json":{"title":"Kontakt - Wertkarten Kontakt Kontaktieren sie uns","description":"Sie haben Fragen zum Produkt? Unser Service-Team stehen Ihnen Werktags von 10:00 bis 17:00 Uhrkostenlos zur Verf\u00fcgung: Tel.: 06431\/9441286 Mail: info@wertkarte24.de","robots":{"index":"index","follow":"follow","max-snippet":"max-snippet:-1","max-image-preview":"max-image-preview:large","max-video-preview":"max-video-preview:-1"},"canonical":"https:\/\/wertkarte24.de\/index.php\/kontakt\/","og_locale":"de_DE","og_type":"article","og_title":"Kontakt - Wertkarten Kontakt Kontaktieren sie uns","og_description":"Sie haben Fragen zum Produkt? Unser Service-Team stehen Ihnen Werktags von 10:00 bis 17:00 Uhrkostenlos zur Verf\u00fcgung: Tel.: 06431\/9441286 Mail: info@wertkarte24.de","og_url":"https:\/\/wertkarte24.de\/index.php\/kontakt\/","og_site_name":"Wertkarten","article_modified_time":"2024-08-07T07:17:16+00:00","twitter_card":"summary_large_image","twitter_misc":{"Gesch\u00e4tzte Lesezeit":"1\u00a0Minute"},"schema":{"@context":"https:\/\/schema.org","@graph":[{"@type":"WebPage","@id":"https:\/\/wertkarte24.de\/index.php\/kontakt\/","url":"https:\/\/wertkarte24.de\/index.php\/kontakt\/","name":"Kontakt - Wertkarten Kontakt Kontaktieren sie uns","isPartOf":{"@id":"https:\/\/wertkarte24.de\/#website"},"datePublished":"2021-08-13T09:09:59+00:00","dateModified":"2024-08-07T07:17:16+00:00","description":"Sie haben Fragen zum Produkt? Unser Service-Team stehen Ihnen Werktags von 10:00 bis 17:00 Uhrkostenlos zur Verf\u00fcgung: Tel.: 06431\/9441286 Mail: info@wertkarte24.de","breadcrumb":{"@id":"https:\/\/wertkarte24.de\/index.php\/kontakt\/#breadcrumb"},"inLanguage":"de","potentialAction":[{"@type":"ReadAction","target":["https:\/\/wertkarte24.de\/index.php\/kontakt\/"]}]},{"@type":"BreadcrumbList","@id":"https:\/\/wertkarte24.de\/index.php\/kontakt\/#breadcrumb","itemListElement":[{"@type":"ListItem","position":1,"name":"Startseite","item":"https:\/\/wertkarte24.de\/"},{"@type":"ListItem","position":2,"name":"Kontakt"}]},{"@type":"WebSite","@id":"https:\/\/wertkarte24.de\/#website","url":"https:\/\/wertkarte24.de\/","name":"Wertkarte24","description":"Wertkarten und Verzehrkarten","publisher":{"@id":"https:\/\/wertkarte24.de\/#organization"},"potentialAction":[{"@type":"SearchAction","target":{"@type":"EntryPoint","urlTemplate":"https:\/\/wertkarte24.de\/?s={search_term_string}"},"query-input":{"@type":"PropertyValueSpecification","valueRequired":true,"valueName":"search_term_string"}}],"inLanguage":"de"},{"@type":"Organization","@id":"https:\/\/wertkarte24.de\/#organization","name":"Wertkarte24","url":"https:\/\/wertkarte24.de\/","logo":{"@type":"ImageObject","inLanguage":"de","@id":"https:\/\/wertkarte24.de\/#\/schema\/logo\/image\/","url":"https:\/\/wertkarte24.de\/wp-content\/uploads\/2021\/08\/cropped-logo.png","contentUrl":"https:\/\/wertkarte24.de\/wp-content\/uploads\/2021\/08\/cropped-logo.png","width":1467,"height":154,"caption":"Wertkarte24"},"image":{"@id":"https:\/\/wertkarte24.de\/#\/schema\/logo\/image\/"}}]}},"jetpack_sharing_enabled":true,"_links":{"self":[{"href":"https:\/\/wertkarte24.de\/index.php\/wp-json\/wp\/v2\/pages\/18","targetHints":{"allow":["GET"]}}],"collection":[{"href":"https:\/\/wertkarte24.de\/index.php\/wp-json\/wp\/v2\/pages"}],"about":[{"href":"https:\/\/wertkarte24.de\/index.php\/wp-json\/wp\/v2\/types\/page"}],"author":[{"embeddable":true,"href":"https:\/\/wertkarte24.de\/index.php\/wp-json\/wp\/v2\/users\/1"}],"replies":[{"embeddable":true,"href":"https:\/\/wertkarte24.de\/index.php\/wp-json\/wp\/v2\/comments?post=18"}],"version-history":[{"count":5,"href":"https:\/\/wertkarte24.de\/index.php\/wp-json\/wp\/v2\/pages\/18\/revisions"}],"predecessor-version":[{"id":647,"href":"https:\/\/wertkarte24.de\/index.php\/wp-json\/wp\/v2\/pages\/18\/revisions\/647"}],"wp:attachment":[{"href":"https:\/\/wertkarte24.de\/index.php\/wp-json\/wp\/v2\/media?parent=18"}],"curies":[{"name":"wp","href":"https:\/\/api.w.org\/{rel}","templated":true}]}}